{"id":981,"date":"2013-02-01T13:55:35","date_gmt":"2013-02-01T12:55:35","guid":{"rendered":"http:\/\/www.ck-west.de\/?page_id=981"},"modified":"2021-05-03T09:26:29","modified_gmt":"2021-05-03T07:26:29","slug":"services","status":"publish","type":"page","link":"https:\/\/ck-west.de\/site\/services\/","title":{"rendered":"Service"},"content":{"rendered":"<ul>\n<li><strong>Musikproduktion<\/strong><br \/>\nProduzieren Sie Ihre eigene CD.<br \/>\nBringen Sie Ihre Komposition und Ihre Texte auf diversen Datentr\u00e4gern.<br \/>\nWir setzen Ihre Ideen professionell um.<\/li>\n<li><strong>Eigenproduktionen<\/strong><br \/>\nin Richtung: Dance \/ Pop \/ Trance \/ Disco-Fox \/ Schlager-Volksmusik \/ Ballade<\/li>\n<li><strong>Komposition \/ Arrangements<\/strong><br \/>\nHymnen \/ Trailer \/ Firmensongs \/ Hochzeiten \/ Feste \/ Ausstellungen<br \/>\nBrauchen Sie eine Melodie? Kein Problem.<br \/>\nWir vertonen Ihre Texte.<\/li>\n<li><strong>Studio-Musiker<\/strong><\/li>\n<li><strong>Aufragskompositionen<\/strong><\/li>\n<li><strong>DEMO-Aufnahmen<\/strong><\/li>\n<li><strong>Arbeitszeiten je nach Anforderung<\/strong> (auch am Wochenende)<\/li>\n<li><strong>Sprach- und Gesangsaufnahmen<\/strong><br \/>\nz.B. auf Halbplaybacks (diese k\u00f6nnen wir f\u00fcr Sie auch produzieren)<\/li>\n<li><strong>Aufnahmen f\u00fcr H\u00f6rb\u00fccher \/ H\u00f6rspiele \/ Radiospots<\/strong><\/li>\n<li><strong>Mastering inkl. Mixin<em>g<\/em><\/strong><\/li>\n<li><strong>Werbespots \/ Jingles<br \/>\n<\/strong><\/li>\n<li><strong>Zusatzleistung: Musik mit Deinem Bild auf Youtube.<\/strong><\/li>\n<li><strong>GEMA Frei!<\/strong><\/li>\n<li>\n<h2><em><strong>Als DJ Buchen: www.disco-uwe.de <\/strong><\/em><\/h2>\n<\/li>\n<\/ul>\n","protected":false},"excerpt":{"rendered":"<p>Musikproduktion Produzieren Sie Ihre eigene CD. Bringen Sie Ihre Komposition und Ihre Texte auf diversen Datentr\u00e4gern. Wir setzen Ihre Ideen professionell um. Eigenproduktionen in Richtung: Dance \/ Pop \/ Trance \/ Disco-Fox \/ Schlager-Volksmusik \/ Ballade Komposition \/ Arrangements Hymnen \/ Trailer \/ Firmensongs \/ Hochzeiten \/ Feste \/ Ausstellungen Brauchen Sie eine Melodie? Kein [&hellip;]<\/p>\n","protected":false},"author":20,"featured_media":0,"parent":0,"menu_order":3,"comment_status":"closed","ping_status":"closed","template":"","meta":{"ngg_post_thumbnail":0,"footnotes":""},"class_list":["post-981","page","type-page","status-publish","hentry"],"_links":{"self":[{"href":"https:\/\/ck-west.de\/site\/wp-json\/wp\/v2\/pages\/981","targetHints":{"allow":["GET"]}}],"collection":[{"href":"https:\/\/ck-west.de\/site\/wp-json\/wp\/v2\/pages"}],"about":[{"href":"https:\/\/ck-west.de\/site\/wp-json\/wp\/v2\/types\/page"}],"author":[{"embeddable":true,"href":"https:\/\/ck-west.de\/site\/wp-json\/wp\/v2\/users\/20"}],"replies":[{"embeddable":true,"href":"https:\/\/ck-west.de\/site\/wp-json\/wp\/v2\/comments?post=981"}],"version-history":[{"count":15,"href":"https:\/\/ck-west.de\/site\/wp-json\/wp\/v2\/pages\/981\/revisions"}],"predecessor-version":[{"id":1787,"href":"https:\/\/ck-west.de\/site\/wp-json\/wp\/v2\/pages\/981\/revisions\/1787"}],"wp:attachment":[{"href":"https:\/\/ck-west.de\/site\/wp-json\/wp\/v2\/media?parent=981"}],"curies":[{"name":"wp","href":"https:\/\/api.w.org\/{rel}","templated":true}]}}