{"id":878,"date":"2011-07-31T21:40:57","date_gmt":"2011-07-31T19:40:57","guid":{"rendered":"http:\/\/mobileshoot.de\/?page_id=878"},"modified":"2021-07-06T12:21:22","modified_gmt":"2021-07-06T10:21:22","slug":"home","status":"publish","type":"page","link":"https:\/\/ck-west.de\/site\/","title":{"rendered":"Songwriter &#8211; Tonstudio &#8211; Musikproduktion &#8211; Studio Musiker &#8211; DJ"},"content":{"rendered":"<h2>CK West Music<\/h2>\n<p><strong>The art of music<\/strong><\/p>\n<p>&nbsp;<\/p>\n<h2>Herzlich Willkommen!<\/h2>\n<p>Langj\u00e4hrig erfolgreich in der Musikbranche pr\u00e4sentiert sich CK West nun online in neuem Design. Gepr\u00e4gt durch die Zusammenarbeit mit bekannten K\u00fcnstlern, bieten wir eine Vielzahl von Leistungen und Komplettl\u00f6sungen f\u00fcr musikalische Gestaltungen jeder Art, egal ob minimalistisch oder komplex.<\/p>\n<p>Selbstverst\u00e4ndlich geh\u00f6ren Kompositionen in den Genres Pop, Schlager, Trance und Dance, lyrische Meisterleistungen exakt abgestimmt auf ein vorgegebenes Thema bis hin zu den abschlie\u00dfenden Aufnahmen im eigenen Tonstudio ebenso zu dem Service, sowie die kostenlose Beratung. Einen groben \u00dcberblick \u00fcber die gesamten Leistungen finden Sie unter dem Men\u00fcpunkt <a title=\"Services\" href=\"https:\/\/www.ck-west.de\/site\/services\/\">Service<\/a>.<\/p>\n","protected":false},"excerpt":{"rendered":"<p>CK West Music The art of music &nbsp; Herzlich Willkommen! Langj\u00e4hrig erfolgreich in der Musikbranche pr\u00e4sentiert sich CK West nun online in neuem Design. Gepr\u00e4gt durch die Zusammenarbeit mit bekannten K\u00fcnstlern, bieten wir eine Vielzahl von Leistungen und Komplettl\u00f6sungen f\u00fcr musikalische Gestaltungen jeder Art, egal ob minimalistisch oder komplex. Selbstverst\u00e4ndlich geh\u00f6ren Kompositionen in den Genres [&hellip;]<\/p>\n","protected":false},"author":20,"featured_media":0,"parent":0,"menu_order":1,"comment_status":"closed","ping_status":"closed","template":"","meta":{"ngg_post_thumbnail":0,"footnotes":""},"class_list":["post-878","page","type-page","status-publish","hentry"],"_links":{"self":[{"href":"https:\/\/ck-west.de\/site\/wp-json\/wp\/v2\/pages\/878","targetHints":{"allow":["GET"]}}],"collection":[{"href":"https:\/\/ck-west.de\/site\/wp-json\/wp\/v2\/pages"}],"about":[{"href":"https:\/\/ck-west.de\/site\/wp-json\/wp\/v2\/types\/page"}],"author":[{"embeddable":true,"href":"https:\/\/ck-west.de\/site\/wp-json\/wp\/v2\/users\/20"}],"replies":[{"embeddable":true,"href":"https:\/\/ck-west.de\/site\/wp-json\/wp\/v2\/comments?post=878"}],"version-history":[{"count":24,"href":"https:\/\/ck-west.de\/site\/wp-json\/wp\/v2\/pages\/878\/revisions"}],"predecessor-version":[{"id":1963,"href":"https:\/\/ck-west.de\/site\/wp-json\/wp\/v2\/pages\/878\/revisions\/1963"}],"wp:attachment":[{"href":"https:\/\/ck-west.de\/site\/wp-json\/wp\/v2\/media?parent=878"}],"curies":[{"name":"wp","href":"https:\/\/api.w.org\/{rel}","templated":true}]}}