{"id":1647,"date":"2021-05-01T12:30:38","date_gmt":"2021-05-01T10:30:38","guid":{"rendered":"https:\/\/ck-west.de\/site\/?page_id=1647"},"modified":"2022-06-05T10:59:56","modified_gmt":"2022-06-05T08:59:56","slug":"projekt-jazzmin-stimmen-im-wind","status":"publish","type":"page","link":"https:\/\/ck-west.de\/site\/hot-music\/projekt-jazzmin-stimmen-im-wind\/","title":{"rendered":"Projekte by CK West &#038; Co feat. Jazzmin \/ Aspire &#038; Jazzmin &#8211; Stimmen im Wind"},"content":{"rendered":"<h3><em><strong>Projekt von Aspire (Tino G\u00f6hlert und Andreas Nagler) &amp; CK West (Uwe Uhlig)<br \/>\n<\/strong><\/em><\/h3>\n<p><strong>Jazzmin &#8211; Stimmen im Wind (Cover)<br \/>\n<\/strong><\/p>\n<p>Drei Neuproduktionen von &#8222;Stimmen im Wind&#8220; (Original von Juliane Werding V\u00d6: 1986). Schlagermaus Jasmin Weber aus Oberlungwitz &#8211; Deutschland (K\u00fcnstlername: Jazzmin). Begeisterte bei DSDS die Jury 2017, mit ihrer samtweichen Stimme mit viel Gef\u00fchl, und kam direkt in den Recall. Sie wurde dadurch Deutschlandweit und dar\u00fcber hinaus sehr bekannt. Hier die erste Single nach Ihrem Auftritt bei RTL.<\/p>\n<p>Biografie von Jazzmin (Jasmin Weber)<\/p>\n<p>Am 16.09.1982 wurde Jasmin Baumann (K\u00fcnstlername Jazzmin) in Karl-Marx-Stadt, jetzt Chemnitz, geboren und wuchs dort auf. Schon als Kind sang sie im Gospel-Chor ihrer Schule und tourte durch das Land. 2001 schloss sie ihr Abi mit Erfolg ab und machte eine Lehre als Sozialversicherungsfachangestellten. (Arbeitet Heute bei der AOK) Nebenher nahm sie Gesangsunterricht im Studio WM f\u00fcr Musik und Theater. Erste Banderfahrung sammelte sie bei FINAL ONE und ver\u00f6ffentlichte das erste Album \u201eAirbass 8-3-40\u201c. Weitere Songs mit ihr wurden Ver\u00f6ffendlicht. Es folgten verschiedene Auftritte u.a. als Vorgruppe von Culture Beat und C-Block. 1999 hatte sie ihre erste Fernsehaufzeichnung des MDR, in der Stadthalle Chemnitz; mit Gil Ofarim. Ab 2004 begann sie mit deutschem Schlagern (Live Programme &#8211; Coverversionen) mit den Produzenten Duo: CK West &amp; Co. (Uwe Uhlig und Frank Weise) und ver\u00f6ffentlichte ihre erste Single \u201eTanz mit mir\u201c 2006, noch unter den Namen: Jazzmin Baumann. Es folgten Auftritte mit Opus, Sailor, Karat und Jimmy und auch bei den Sender R SA. 2006 tourte sie mit der SUPER TV Sommertour unter der Leitung von J\u00fcrgen Karney durch Deutschland. In diesem Jahr fiel auch die Entscheidung, sich dem Projekt DJ Happy Vibes feat. Jazzmin, zu widmen. Nach der Geburt ihres Sohnes zog sie sich f\u00fcr eine kurze Zeit aus dem Musikgesch\u00e4ft zur\u00fcck. In der Zwischenzeit hat sie geheiratet und hei\u00dft jetzt mit b\u00fcrgerlichem Namen: Jasmin Weber, wohnt in Oberlungwitz (n\u00e4he Sachsenring). Danach ging es weiter mit dem Projekt DJ Happy Vibes feat. Jazzmin, mit zahlreichen Songs, gro\u00dfen Shows und Videos.<br \/>\n2016: Weitere Singles: Tanz mit mir (Reloaded), Sehnsucht (Reloaded) bei CK West &amp; Co.<br \/>\n2017: DSDS Teilnahme bei sehr gro\u00dfen Lob. (Recall)<\/p>\n<p><img loading=\"lazy\" decoding=\"async\" class=\"alignnone size-medium wp-image-1644\" src=\"https:\/\/ck-west.de\/site\/wp-content\/uploads\/Stimmen-im-Wind-Cover-2017--300x300.jpg\" alt=\"\" width=\"300\" height=\"300\" srcset=\"https:\/\/ck-west.de\/site\/wp-content\/uploads\/Stimmen-im-Wind-Cover-2017--300x300.jpg 300w, https:\/\/ck-west.de\/site\/wp-content\/uploads\/Stimmen-im-Wind-Cover-2017--1024x1024.jpg 1024w, https:\/\/ck-west.de\/site\/wp-content\/uploads\/Stimmen-im-Wind-Cover-2017--150x150.jpg 150w, https:\/\/ck-west.de\/site\/wp-content\/uploads\/Stimmen-im-Wind-Cover-2017--768x768.jpg 768w, https:\/\/ck-west.de\/site\/wp-content\/uploads\/Stimmen-im-Wind-Cover-2017--1536x1536.jpg 1536w, https:\/\/ck-west.de\/site\/wp-content\/uploads\/Stimmen-im-Wind-Cover-2017--2048x2048.jpg 2048w\" sizes=\"auto, (max-width: 300px) 100vw, 300px\" \/><img loading=\"lazy\" decoding=\"async\" class=\"alignnone size-medium wp-image-2238\" src=\"https:\/\/ck-west.de\/site\/wp-content\/uploads\/Jasmin10jpg-179x300.jpg\" alt=\"\" width=\"179\" height=\"300\" srcset=\"https:\/\/ck-west.de\/site\/wp-content\/uploads\/Jasmin10jpg-179x300.jpg 179w, https:\/\/ck-west.de\/site\/wp-content\/uploads\/Jasmin10jpg.jpg 548w\" sizes=\"auto, (max-width: 179px) 100vw, 179px\" \/><img loading=\"lazy\" decoding=\"async\" class=\"alignnone size-medium wp-image-2242\" src=\"https:\/\/ck-west.de\/site\/wp-content\/uploads\/Cimg2803-225x300.jpg\" alt=\"\" width=\"225\" height=\"300\" srcset=\"https:\/\/ck-west.de\/site\/wp-content\/uploads\/Cimg2803-225x300.jpg 225w, https:\/\/ck-west.de\/site\/wp-content\/uploads\/Cimg2803-768x1024.jpg 768w, https:\/\/ck-west.de\/site\/wp-content\/uploads\/Cimg2803-1152x1536.jpg 1152w, https:\/\/ck-west.de\/site\/wp-content\/uploads\/Cimg2803-1536x2048.jpg 1536w, https:\/\/ck-west.de\/site\/wp-content\/uploads\/Cimg2803-scaled.jpg 1920w\" sizes=\"auto, (max-width: 225px) 100vw, 225px\" \/><img loading=\"lazy\" decoding=\"async\" class=\"alignnone size-medium wp-image-2244\" src=\"https:\/\/ck-west.de\/site\/wp-content\/uploads\/Cimg2863-225x300.jpg\" alt=\"\" width=\"225\" height=\"300\" srcset=\"https:\/\/ck-west.de\/site\/wp-content\/uploads\/Cimg2863-225x300.jpg 225w, https:\/\/ck-west.de\/site\/wp-content\/uploads\/Cimg2863-768x1024.jpg 768w, https:\/\/ck-west.de\/site\/wp-content\/uploads\/Cimg2863-1152x1536.jpg 1152w, https:\/\/ck-west.de\/site\/wp-content\/uploads\/Cimg2863-1536x2048.jpg 1536w, https:\/\/ck-west.de\/site\/wp-content\/uploads\/Cimg2863-scaled.jpg 1920w\" sizes=\"auto, (max-width: 225px) 100vw, 225px\" \/><\/p>\n<p>Promo Video (Ballad Edit)<\/p>\n<p><iframe loading=\"lazy\" title=\"Jazzmin - Stimmen im Wind (Ballad Edit) [Official]\" width=\"800\" height=\"450\" src=\"https:\/\/www.youtube.com\/embed\/ElfFzNviSk8?feature=oembed\" frameborder=\"0\" allow=\"accelerometer; autoplay; clipboard-write; encrypted-media; gyroscope; picture-in-picture\" allowfullscreen><\/iframe><\/p>\n<p>Download &amp; Streaming:<\/p>\n<p>https:\/\/www.feiyr.com\/x\/BNYRV<\/p>\n<p><iframe loading=\"lazy\" title=\"Spotify Embed: Schlager vom Herzen, Vol. 2\" style=\"border-radius: 12px\" width=\"100%\" height=\"380\" frameborder=\"0\" allowfullscreen allow=\"autoplay; clipboard-write; encrypted-media; fullscreen; picture-in-picture\" src=\"https:\/\/open.spotify.com\/embed\/album\/3lI4v5rGOY2dJlD1pcQtdj?highlight=spotify%3Atrack%3A5OXTO8MXJppTzPITDxuLzg&#038;utm_source=oembed\"><\/iframe><\/p>\n<p><iframe loading=\"lazy\" src=\"https:\/\/www.feiyr.com\/de\/widget\/28051\/2\/f7f7f7\/350\/true\/true.html\" width=\"350\" height=\"117\" frameborder=\"1\"><\/iframe> &nbsp;<\/p>\n","protected":false},"excerpt":{"rendered":"<p>Projekt von Aspire (Tino G\u00f6hlert und Andreas Nagler) &amp; CK West (Uwe Uhlig) Jazzmin &#8211; Stimmen im Wind (Cover) Drei Neuproduktionen von &#8222;Stimmen im Wind&#8220; (Original von Juliane Werding V\u00d6: 1986). Schlagermaus Jasmin Weber aus Oberlungwitz &#8211; Deutschland (K\u00fcnstlername: Jazzmin). Begeisterte bei DSDS die Jury 2017, mit ihrer samtweichen Stimme mit viel Gef\u00fchl, und kam [&hellip;]<\/p>\n","protected":false},"author":216,"featured_media":0,"parent":1242,"menu_order":0,"comment_status":"closed","ping_status":"closed","template":"","meta":{"ngg_post_thumbnail":0,"footnotes":""},"class_list":["post-1647","page","type-page","status-publish","hentry"],"_links":{"self":[{"href":"https:\/\/ck-west.de\/site\/wp-json\/wp\/v2\/pages\/1647","targetHints":{"allow":["GET"]}}],"collection":[{"href":"https:\/\/ck-west.de\/site\/wp-json\/wp\/v2\/pages"}],"about":[{"href":"https:\/\/ck-west.de\/site\/wp-json\/wp\/v2\/types\/page"}],"author":[{"embeddable":true,"href":"https:\/\/ck-west.de\/site\/wp-json\/wp\/v2\/users\/216"}],"replies":[{"embeddable":true,"href":"https:\/\/ck-west.de\/site\/wp-json\/wp\/v2\/comments?post=1647"}],"version-history":[{"count":15,"href":"https:\/\/ck-west.de\/site\/wp-json\/wp\/v2\/pages\/1647\/revisions"}],"predecessor-version":[{"id":2248,"href":"https:\/\/ck-west.de\/site\/wp-json\/wp\/v2\/pages\/1647\/revisions\/2248"}],"up":[{"embeddable":true,"href":"https:\/\/ck-west.de\/site\/wp-json\/wp\/v2\/pages\/1242"}],"wp:attachment":[{"href":"https:\/\/ck-west.de\/site\/wp-json\/wp\/v2\/media?parent=1647"}],"curies":[{"name":"wp","href":"https:\/\/api.w.org\/{rel}","templated":true}]}}